{"id":115,"date":"2024-12-07T15:39:40","date_gmt":"2024-12-07T14:39:40","guid":{"rendered":"https:\/\/www.jr-automobile.de\/?page_id=115"},"modified":"2024-12-15T20:44:36","modified_gmt":"2024-12-15T19:44:36","slug":"zulassungsservice","status":"publish","type":"page","link":"https:\/\/www.jr-automobile.de\/en\/zulassungsservice\/","title":{"rendered":"Registration service"},"content":{"rendered":"<div class=\"wpb-content-wrapper\"><div class=\"vc_row wpb_row vc_row-fluid\"><div class=\"wpb_column vc_column_container vc_col-sm-12\"><div class=\"vc_column-inner\"><div class=\"wpb_wrapper\">\n\t<div class=\"wpb_text_column wpb_content_element\" >\n\t\t<div class=\"wpb_wrapper\">\n\t\t\t<h3><strong>Registration service at JR Automobile<\/strong> \u2013<br \/>\nYour practical all-round service when buying a used car<\/h3>\n<p>At JR Automobile, we want to make your vehicle purchase as pleasant and stress-free as possible. That's why we offer our customers a practical registration service that takes care of all the red tape for you. If you buy a used vehicle from our range, you can take advantage of this service and no longer have to worry about the tedious registration formalities.<\/p>\n<p>However, our registration service is only available to buyers of a used car from our <a href=\"https:\/\/home.mobile.de\/JRAUTOMOBILE#ses\" target=\"_blank\" rel=\"noopener\">Assortment<\/a> available. This means that this service can only be used in connection with the purchase of a used car from JR Automobile. Unfortunately, we do not offer any additional support for all other registration requests.<\/p>\n\n\t\t<\/div>\n\t<\/div>\n<\/div><\/div><\/div><\/div><div class=\"vc_row wpb_row vc_row-fluid vc_column-gap-20\"><div class=\"wpb_column vc_column_container vc_col-sm-4\"><div class=\"vc_column-inner\"><div class=\"wpb_wrapper\"><div class=\"standard-arrow list-divider bullet-top\"><h3><strong>Our services<\/strong><\/h3>\n<ul>\n<li>Seasonal license plate<\/li>\n<li>Customs license plate<\/li>\n<li>Authorization<\/li>\n<li>Re-register<\/li>\n<li>Log out<\/li>\n<li>Short-term license plate<\/li>\n<li>License plate<\/li>\n<\/ul>\n<\/div><\/div><\/div><\/div><div class=\"wpb_column vc_column_container vc_col-sm-8\"><div class=\"vc_column-inner\"><div class=\"wpb_wrapper\"><div class=\"vc_empty_space\"   style=\"height: 50px\"><span class=\"vc_empty_space_inner\"><\/span><\/div>\n\t<div class=\"wpb_text_column wpb_content_element\" >\n\t\t<div class=\"wpb_wrapper\">\n\t\t\t<h2 style=\"text-align: center;\"><strong>\u201cFrom registration to the license plate<\/strong> - We are clearing the way!\u201d<\/h2>\n\n\t\t<\/div>\n\t<\/div>\n<\/div><\/div><\/div><\/div><div class=\"vc_row wpb_row vc_row-fluid\"><div class=\"wpb_column vc_column_container vc_col-sm-12\"><div class=\"vc_column-inner\"><div class=\"wpb_wrapper\"><div class=\"vc_empty_space\"   style=\"height: 50px\"><span class=\"vc_empty_space_inner\"><\/span><\/div><\/div><\/div><\/div><\/div><div class=\"vc_row wpb_row vc_row-fluid\"><div class=\"wpb_column vc_column_container vc_col-sm-6\"><div class=\"vc_column-inner\"><div class=\"wpb_wrapper\">\n\t<div class=\"wpb_text_column wpb_content_element\" >\n\t\t<div class=\"wpb_wrapper\">\n\t\t\t<p><strong>What does that mean for you?<\/strong><\/p>\n<p>With our registration service, we offer you a quick and convenient solution so that you can use your vehicle immediately after purchase without any stress. You don't have to deal with the registration office or put up with long waiting times - we take care of everything for you and ensure that your used vehicle gets on the road without any complications.<\/p>\n<p>&nbsp;<\/p>\n<p><strong>Exclusively for buyers of used vehicles at JR Automobile<\/strong><\/p>\n<p>Our registration service is an exclusive benefit for buyers of a used car from us. If you opt for one of our high-quality vehicles, you will benefit from this all-round service. We take care of all the necessary registration steps, deal with the required formalities and take care of all the administrative work so that your vehicle is registered quickly and easily.<\/p>\n\n\t\t<\/div>\n\t<\/div>\n<\/div><\/div><\/div><div class=\"wpb_column vc_column_container vc_col-sm-6\"><div class=\"vc_column-inner\"><div class=\"wpb_wrapper\">\n\t<div class=\"wpb_text_column wpb_content_element\" >\n\t\t<div class=\"wpb_wrapper\">\n\t\t\t<p><strong>How does the registration service work?<\/strong><\/p>\n<p>After purchasing your used vehicle, we take care of all the necessary steps for registration. We will explain to you which documents we need and take care of the entire process with the registration office. So you can sit back and relax while we make sure that your vehicle is registered quickly and easily.<\/p>\n<p>&nbsp;<\/p>\n<p><strong>Talk to us when buying your vehicle!<\/strong><\/p>\n<p>If you are interested in our registration service, simply contact us when you purchase your vehicle. We will be happy to advise you and explain all the steps required for a quick and uncomplicated registration so that your vehicle can get on the road quickly.<\/p>\n\n\t\t<\/div>\n\t<\/div>\n<\/div><\/div><\/div><\/div><div class=\"vc_row wpb_row vc_row-fluid\"><div class=\"wpb_column vc_column_container vc_col-sm-12\"><div class=\"vc_column-inner\"><div class=\"wpb_wrapper\"><div class=\"vc_empty_space\"   style=\"height: 50px\"><span class=\"vc_empty_space_inner\"><\/span><\/div><\/div><\/div><\/div><\/div><div class=\"vc_row wpb_row vc_row-fluid\"><div class=\"wpb_column vc_column_container vc_col-sm-12\"><div class=\"vc_column-inner\"><div class=\"wpb_wrapper\"><div class=\"vc_empty_space\"   style=\"height: 200px\"><span class=\"vc_empty_space_inner\"><\/span><\/div>\n\t<div class=\"wpb_text_column wpb_content_element\" >\n\t\t<div class=\"wpb_wrapper\">\n\t\t\t<h2 style=\"text-align: center;\"><span style=\"color: #ffffff;\">\u201cBuy vehicle, enjoy registration<\/span><\/h2>\n<h2 style=\"text-align: center;\"><span style=\"color: #ffffff;\">\u2013 <strong>We'll sort it out for you.\u201d<\/strong><\/span><\/h2>\n\n\t\t<\/div>\n\t<\/div>\n<div class=\"vc_empty_space\"   style=\"height: 200px\"><span class=\"vc_empty_space_inner\"><\/span><\/div><\/div><\/div><\/div><\/div><!-- Row Backgrounds --><div class=\"upb_bg_img\" data-ultimate-bg=\"url(https:\/\/www.jr-automobile.de\/wp-content\/uploads\/2024\/12\/JR-Automobile-Kuerten-BMW.jpg)\" data-image-id=\"id^389|url^https:\/\/www.jr-automobile.de\/wp-content\/uploads\/2024\/12\/JR-Automobile-Kuerten-BMW.jpg|caption^null|alt^null|title^null|description^null\" data-ultimate-bg-style=\"vcpb-default\" data-bg-img-repeat=\"no-repeat\" data-bg-img-size=\"cover\" data-bg-img-position=\"\" data-parallx_sense=\"30\" data-bg-override=\"full\" data-bg_img_attach=\"fixed\" data-upb-overlay-color=\"\" data-upb-bg-animation=\"\" data-fadeout=\"\" data-bg-animation=\"left-animation\" data-bg-animation-type=\"h\" data-animation-repeat=\"repeat\" data-fadeout-percentage=\"30\" data-parallax-content=\"\" data-parallax-content-sense=\"30\" data-row-effect-mobile-disable=\"true\" data-img-parallax-mobile-disable=\"true\" data-rtl=\"false\"  data-custom-vc-row=\"\"  data-vc=\"8.7.2\"  data-is_old_vc=\"\"  data-theme-support=\"\"   data-overlay=\"false\" data-overlay-color=\"\" data-overlay-pattern=\"\" data-overlay-pattern-opacity=\"\" data-overlay-pattern-size=\"\"    ><\/div>\n<\/div>","protected":false},"excerpt":{"rendered":"<p>Zulassungsservice bei JR Automobile \u2013 Ihr praktischer Rundum-Service beim Kauf eines Gebrauchtwagens Bei JR Automobile m\u00f6chten wir Ihnen den Fahrzeugkauf so angenehm und stressfrei wie m\u00f6glich gestalten. Deshalb bieten wir unseren Kunden einen praktischen Zulassungsservice, der den b\u00fcrokratischen Aufwand f\u00fcr Sie \u00fcbernimmt. Wenn Sie ein Gebrauchtfahrzeug aus unserem Sortiment kaufen, k\u00f6nnen Sie auf diesen Service&hellip;<\/p>","protected":false},"author":1,"featured_media":247,"parent":0,"menu_order":0,"comment_status":"closed","ping_status":"closed","template":"","meta":{"footnotes":""},"class_list":["post-115","page","type-page","status-publish","has-post-thumbnail","hentry","description-off"],"yoast_head":"<!-- This site is optimized with the Yoast SEO plugin v27.2 - https:\/\/yoast.com\/product\/yoast-seo-wordpress\/ -->\n<title>Zulassungsservice | JR Automobile<\/title>\n<meta name=\"description\" content=\"Zulassungsservice \u2022 Wir k\u00f6nnen die Zulassung \u00fcbernehmen \u2022 Nach Kauf eines Fahrzeug bei uns \u2022 Jetzt anfragen! \u2022 Zulassungsservice JR Automobile\" \/>\n<meta name=\"robots\" content=\"index, follow, max-snippet:-1, max-image-preview:large, max-video-preview:-1\" \/>\n<link rel=\"canonical\" href=\"https:\/\/www.jr-automobile.de\/en\/zulassungsservice\/\" \/>\n<meta property=\"og:locale\" content=\"en_GB\" \/>\n<meta property=\"og:type\" content=\"article\" \/>\n<meta property=\"og:title\" content=\"Zulassungsservice | JR Automobile\" \/>\n<meta property=\"og:description\" content=\"Zulassungsservice \u2022 Wir k\u00f6nnen die Zulassung \u00fcbernehmen \u2022 Nach Kauf eines Fahrzeug bei uns \u2022 Jetzt anfragen! \u2022 Zulassungsservice JR Automobile\" \/>\n<meta property=\"og:url\" content=\"https:\/\/www.jr-automobile.de\/en\/zulassungsservice\/\" \/>\n<meta property=\"og:site_name\" content=\"JR Automobile\" \/>\n<meta property=\"article:modified_time\" content=\"2024-12-15T19:44:36+00:00\" \/>\n<meta property=\"og:image\" content=\"https:\/\/www.jr-automobile.de\/wp-content\/uploads\/2024\/12\/Zulassungsservice-JR-Automobile.jpg\" \/>\n\t<meta property=\"og:image:width\" content=\"800\" \/>\n\t<meta property=\"og:image:height\" content=\"600\" \/>\n\t<meta property=\"og:image:type\" content=\"image\/jpeg\" \/>\n<meta name=\"twitter:card\" content=\"summary_large_image\" \/>\n<meta name=\"twitter:label1\" content=\"Estimated reading time\" \/>\n\t<meta name=\"twitter:data1\" content=\"3 minutes\" \/>\n<script type=\"application\/ld+json\" class=\"yoast-schema-graph\">{\"@context\":\"https:\/\/schema.org\",\"@graph\":[{\"@type\":\"WebPage\",\"@id\":\"https:\/\/www.jr-automobile.de\/zulassungsservice\/\",\"url\":\"https:\/\/www.jr-automobile.de\/zulassungsservice\/\",\"name\":\"Zulassungsservice | JR Automobile\",\"isPartOf\":{\"@id\":\"https:\/\/www.jr-automobile.de\/#website\"},\"primaryImageOfPage\":{\"@id\":\"https:\/\/www.jr-automobile.de\/zulassungsservice\/#primaryimage\"},\"image\":{\"@id\":\"https:\/\/www.jr-automobile.de\/zulassungsservice\/#primaryimage\"},\"thumbnailUrl\":\"https:\/\/www.jr-automobile.de\/wp-content\/uploads\/2024\/12\/Zulassungsservice-JR-Automobile.jpg\",\"datePublished\":\"2024-12-07T14:39:40+00:00\",\"dateModified\":\"2024-12-15T19:44:36+00:00\",\"description\":\"Zulassungsservice \u2022 Wir k\u00f6nnen die Zulassung \u00fcbernehmen \u2022 Nach Kauf eines Fahrzeug bei uns \u2022 Jetzt anfragen! \u2022 Zulassungsservice JR Automobile\",\"breadcrumb\":{\"@id\":\"https:\/\/www.jr-automobile.de\/zulassungsservice\/#breadcrumb\"},\"inLanguage\":\"en-GB\",\"potentialAction\":[{\"@type\":\"ReadAction\",\"target\":[\"https:\/\/www.jr-automobile.de\/zulassungsservice\/\"]}]},{\"@type\":\"ImageObject\",\"inLanguage\":\"en-GB\",\"@id\":\"https:\/\/www.jr-automobile.de\/zulassungsservice\/#primaryimage\",\"url\":\"https:\/\/www.jr-automobile.de\/wp-content\/uploads\/2024\/12\/Zulassungsservice-JR-Automobile.jpg\",\"contentUrl\":\"https:\/\/www.jr-automobile.de\/wp-content\/uploads\/2024\/12\/Zulassungsservice-JR-Automobile.jpg\",\"width\":800,\"height\":600,\"caption\":\"Zulassungsservice\"},{\"@type\":\"BreadcrumbList\",\"@id\":\"https:\/\/www.jr-automobile.de\/zulassungsservice\/#breadcrumb\",\"itemListElement\":[{\"@type\":\"ListItem\",\"position\":1,\"name\":\"Startseite\",\"item\":\"https:\/\/www.jr-automobile.de\/\"},{\"@type\":\"ListItem\",\"position\":2,\"name\":\"Zulassungsservice\"}]},{\"@type\":\"WebSite\",\"@id\":\"https:\/\/www.jr-automobile.de\/#website\",\"url\":\"https:\/\/www.jr-automobile.de\/\",\"name\":\"JR Automobile\",\"description\":\"\",\"publisher\":{\"@id\":\"https:\/\/www.jr-automobile.de\/#organization\"},\"potentialAction\":[{\"@type\":\"SearchAction\",\"target\":{\"@type\":\"EntryPoint\",\"urlTemplate\":\"https:\/\/www.jr-automobile.de\/?s={search_term_string}\"},\"query-input\":{\"@type\":\"PropertyValueSpecification\",\"valueRequired\":true,\"valueName\":\"search_term_string\"}}],\"inLanguage\":\"en-GB\"},{\"@type\":\"Organization\",\"@id\":\"https:\/\/www.jr-automobile.de\/#organization\",\"name\":\"JR Automobile\",\"url\":\"https:\/\/www.jr-automobile.de\/\",\"logo\":{\"@type\":\"ImageObject\",\"inLanguage\":\"en-GB\",\"@id\":\"https:\/\/www.jr-automobile.de\/#\/schema\/logo\/image\/\",\"url\":\"https:\/\/www.jr-automobile.de\/wp-content\/uploads\/2024\/12\/JR-Automobile-Kuerten-Logo.jpg\",\"contentUrl\":\"https:\/\/www.jr-automobile.de\/wp-content\/uploads\/2024\/12\/JR-Automobile-Kuerten-Logo.jpg\",\"width\":200,\"height\":200,\"caption\":\"JR Automobile\"},\"image\":{\"@id\":\"https:\/\/www.jr-automobile.de\/#\/schema\/logo\/image\/\"}}]}<\/script>\n<!-- \/ Yoast SEO plugin. -->","yoast_head_json":{"title":"Zulassungsservice | JR Automobile","description":"Zulassungsservice \u2022 Wir k\u00f6nnen die Zulassung \u00fcbernehmen \u2022 Nach Kauf eines Fahrzeug bei uns \u2022 Jetzt anfragen! \u2022 Zulassungsservice JR Automobile","robots":{"index":"index","follow":"follow","max-snippet":"max-snippet:-1","max-image-preview":"max-image-preview:large","max-video-preview":"max-video-preview:-1"},"canonical":"https:\/\/www.jr-automobile.de\/en\/zulassungsservice\/","og_locale":"en_GB","og_type":"article","og_title":"Zulassungsservice | JR Automobile","og_description":"Zulassungsservice \u2022 Wir k\u00f6nnen die Zulassung \u00fcbernehmen \u2022 Nach Kauf eines Fahrzeug bei uns \u2022 Jetzt anfragen! \u2022 Zulassungsservice JR Automobile","og_url":"https:\/\/www.jr-automobile.de\/en\/zulassungsservice\/","og_site_name":"JR Automobile","article_modified_time":"2024-12-15T19:44:36+00:00","og_image":[{"width":800,"height":600,"url":"https:\/\/www.jr-automobile.de\/wp-content\/uploads\/2024\/12\/Zulassungsservice-JR-Automobile.jpg","type":"image\/jpeg"}],"twitter_card":"summary_large_image","twitter_misc":{"Estimated reading time":"3 minutes"},"schema":{"@context":"https:\/\/schema.org","@graph":[{"@type":"WebPage","@id":"https:\/\/www.jr-automobile.de\/zulassungsservice\/","url":"https:\/\/www.jr-automobile.de\/zulassungsservice\/","name":"Zulassungsservice | JR Automobile","isPartOf":{"@id":"https:\/\/www.jr-automobile.de\/#website"},"primaryImageOfPage":{"@id":"https:\/\/www.jr-automobile.de\/zulassungsservice\/#primaryimage"},"image":{"@id":"https:\/\/www.jr-automobile.de\/zulassungsservice\/#primaryimage"},"thumbnailUrl":"https:\/\/www.jr-automobile.de\/wp-content\/uploads\/2024\/12\/Zulassungsservice-JR-Automobile.jpg","datePublished":"2024-12-07T14:39:40+00:00","dateModified":"2024-12-15T19:44:36+00:00","description":"Zulassungsservice \u2022 Wir k\u00f6nnen die Zulassung \u00fcbernehmen \u2022 Nach Kauf eines Fahrzeug bei uns \u2022 Jetzt anfragen! \u2022 Zulassungsservice JR Automobile","breadcrumb":{"@id":"https:\/\/www.jr-automobile.de\/zulassungsservice\/#breadcrumb"},"inLanguage":"en-GB","potentialAction":[{"@type":"ReadAction","target":["https:\/\/www.jr-automobile.de\/zulassungsservice\/"]}]},{"@type":"ImageObject","inLanguage":"en-GB","@id":"https:\/\/www.jr-automobile.de\/zulassungsservice\/#primaryimage","url":"https:\/\/www.jr-automobile.de\/wp-content\/uploads\/2024\/12\/Zulassungsservice-JR-Automobile.jpg","contentUrl":"https:\/\/www.jr-automobile.de\/wp-content\/uploads\/2024\/12\/Zulassungsservice-JR-Automobile.jpg","width":800,"height":600,"caption":"Zulassungsservice"},{"@type":"BreadcrumbList","@id":"https:\/\/www.jr-automobile.de\/zulassungsservice\/#breadcrumb","itemListElement":[{"@type":"ListItem","position":1,"name":"Startseite","item":"https:\/\/www.jr-automobile.de\/"},{"@type":"ListItem","position":2,"name":"Zulassungsservice"}]},{"@type":"WebSite","@id":"https:\/\/www.jr-automobile.de\/#website","url":"https:\/\/www.jr-automobile.de\/","name":"JR Automobile","description":"","publisher":{"@id":"https:\/\/www.jr-automobile.de\/#organization"},"potentialAction":[{"@type":"SearchAction","target":{"@type":"EntryPoint","urlTemplate":"https:\/\/www.jr-automobile.de\/?s={search_term_string}"},"query-input":{"@type":"PropertyValueSpecification","valueRequired":true,"valueName":"search_term_string"}}],"inLanguage":"en-GB"},{"@type":"Organization","@id":"https:\/\/www.jr-automobile.de\/#organization","name":"JR Automobile","url":"https:\/\/www.jr-automobile.de\/","logo":{"@type":"ImageObject","inLanguage":"en-GB","@id":"https:\/\/www.jr-automobile.de\/#\/schema\/logo\/image\/","url":"https:\/\/www.jr-automobile.de\/wp-content\/uploads\/2024\/12\/JR-Automobile-Kuerten-Logo.jpg","contentUrl":"https:\/\/www.jr-automobile.de\/wp-content\/uploads\/2024\/12\/JR-Automobile-Kuerten-Logo.jpg","width":200,"height":200,"caption":"JR Automobile"},"image":{"@id":"https:\/\/www.jr-automobile.de\/#\/schema\/logo\/image\/"}}]}},"_links":{"self":[{"href":"https:\/\/www.jr-automobile.de\/en\/wp-json\/wp\/v2\/pages\/115","targetHints":{"allow":["GET"]}}],"collection":[{"href":"https:\/\/www.jr-automobile.de\/en\/wp-json\/wp\/v2\/pages"}],"about":[{"href":"https:\/\/www.jr-automobile.de\/en\/wp-json\/wp\/v2\/types\/page"}],"author":[{"embeddable":true,"href":"https:\/\/www.jr-automobile.de\/en\/wp-json\/wp\/v2\/users\/1"}],"replies":[{"embeddable":true,"href":"https:\/\/www.jr-automobile.de\/en\/wp-json\/wp\/v2\/comments?post=115"}],"version-history":[{"count":10,"href":"https:\/\/www.jr-automobile.de\/en\/wp-json\/wp\/v2\/pages\/115\/revisions"}],"predecessor-version":[{"id":388,"href":"https:\/\/www.jr-automobile.de\/en\/wp-json\/wp\/v2\/pages\/115\/revisions\/388"}],"wp:featuredmedia":[{"embeddable":true,"href":"https:\/\/www.jr-automobile.de\/en\/wp-json\/wp\/v2\/media\/247"}],"wp:attachment":[{"href":"https:\/\/www.jr-automobile.de\/en\/wp-json\/wp\/v2\/media?parent=115"}],"curies":[{"name":"wp","href":"https:\/\/api.w.org\/{rel}","templated":true}]}}