{"id":167,"date":"2024-12-08T13:11:43","date_gmt":"2024-12-08T12:11:43","guid":{"rendered":"https:\/\/www.jr-automobile.de\/?page_id=167"},"modified":"2024-12-15T15:33:26","modified_gmt":"2024-12-15T14:33:26","slug":"reifenservice","status":"publish","type":"page","link":"https:\/\/www.jr-automobile.de\/en\/reifenservice\/","title":{"rendered":"Tire service"},"content":{"rendered":"<div class=\"wpb-content-wrapper\"><div class=\"vc_row wpb_row vc_row-fluid\"><div class=\"wpb_column vc_column_container vc_col-sm-6\"><div class=\"vc_column-inner\"><div class=\"wpb_wrapper\">\n\t<div class=\"wpb_text_column wpb_content_element\" >\n\t\t<div class=\"wpb_wrapper\">\n\t\t\t<h3><strong>Exclusive BMW tire service on request<\/strong> \u2013<br \/>\nPerfect equipment for your vehicle<\/h3>\n<p>We offer you high-quality tires with rims as well as complete <a href=\"https:\/\/de.wikipedia.org\/wiki\/Autoreifen\" target=\"_blank\" rel=\"noopener\">Wheelsets<\/a>, which are specially designed for BMW vehicles. We only offer complete BMW wheels on request so that we can offer you the perfect combination for your vehicle. Please note that we do not offer services such as fitting or tire changing directly. Our focus is on providing you with exclusive complete wheels for your BMW model that are perfectly matched to your vehicle in terms of both design and performance.<\/p>\n<p><strong>For the right tire service - be it for fitting, storage or changing tires - we work together with competent partners who offer you these services reliably and professionally.<\/strong><\/p>\n<p>Whether for summer, winter or all-season equipment - we offer you the right wheels that are both functional and aesthetically pleasing. With our individual advice, we ensure that you find the perfect combination of rims and tires that meet your requirements and stylishly enhance your vehicle.<\/p>\n<p><a href=\"https:\/\/www.jr-automobile.de\/en\/kontakt\/\">Contact us<\/a> Please feel free to contact us to make an inquiry or to find out more about our range. We will provide you with expert advice and help you choose the perfect wheels for your BMW model. Let us make sure that your vehicle is always reliable, safe and stylish on the road!<\/p>\n\n\t\t<\/div>\n\t<\/div>\n<\/div><\/div><\/div><div class=\"wpb_column vc_column_container vc_col-sm-6\"><div class=\"vc_column-inner\"><div class=\"wpb_wrapper\"><div class=\"vc_empty_space\"   style=\"height: 50px\"><span class=\"vc_empty_space_inner\"><\/span><\/div>\n\t<div  class=\"wpb_single_image wpb_content_element vc_align_center\">\n\t\t\n\t\t<figure class=\"wpb_wrapper vc_figure\">\n\t\t\t<div class=\"vc_single_image-wrapper   vc_box_border_grey\"><img decoding=\"async\" class=\"vc_single_image-img\" src=\"https:\/\/www.jr-automobile.de\/wp-content\/uploads\/2024\/12\/Komplettraeder-JR-Automobile-580x500.jpg\" width=\"580\" height=\"500\" alt=\"\" title=\"\" loading=\"lazy\"  data-dt-location=\"https:\/\/www.jr-automobile.de\/en\/reifenservice\/komplettraeder-jr-automobile\/\" \/><\/div>\n\t\t<\/figure>\n\t<\/div>\n<\/div><\/div><\/div><\/div><div class=\"vc_row wpb_row vc_row-fluid\"><div class=\"wpb_column vc_column_container vc_col-sm-12\"><div class=\"vc_column-inner\"><div class=\"wpb_wrapper\"><div class=\"vc_empty_space\"   style=\"height: 50px\"><span class=\"vc_empty_space_inner\"><\/span><\/div><\/div><\/div><\/div><\/div><div class=\"vc_row wpb_row vc_row-fluid\"><div class=\"wpb_column vc_column_container vc_col-sm-12\"><div class=\"vc_column-inner\"><div class=\"wpb_wrapper\"><div id=\"ultib3-263958024969f3628794f4f\" class=\"ultb3-box ult-adjust-bottom-margin\" style=\"background-color: #000000;\"><div id=\"Info-banner-wrap8468\" class=\"ultb3-info ib3-info-center\" data-animation=\"\" data-animation-delay=\"03\"><div class=\"ultb3-title ult-responsive\"  data-ultimate-target='#Info-banner-wrap8468 .ultb3-title'  data-responsive-json-new='{\"font-size\":\"desktop:28px;\",\"line-height\":\"\"}'  style=\"font-weight:bold;color:#FFFFFF;\">Maximum performance and perfect grip<\/div><div class=\"ultb3-desc ult-responsive\"  data-ultimate-target='#Info-banner-wrap8468 .ultb3-desc'  data-responsive-json-new='{\"font-size\":\"desktop:15px;\",\"line-height\":\"\"}'  style=\"font-weight:normal;color:#FFFFFF;\">Request your personal consultation now to find the perfect complete wheels for your vehicle and drive with the best equipment on the road!<\/div><a href=\"https:\/\/www.jr-automobile.de\/en\/kontakt\/\" rel=\"nofollow\"  class=\"ultb3-btn ult-responsive\"  data-ultimate-target='#Info-banner-wrap8468 .ultb3-btn'  data-responsive-json-new='{\"font-size\":\"desktop:16px;\",\"line-height\":\"\"}'  style=\"font-weight:bold;\">Enquire now!<i class=\"Defaults-angle-right\"><\/i><\/a><\/div><\/div><style>\n\t\t\t\t\t#ultib3-263958024969f3628794f4f {\n\t\t\t\t\t\tmin-height:50px;\n\t\t\t\t\t}\n\t\t\t\t\t#ultib3-263958024969f3628794f4f img.ultb3-img {\n\t\t\t\t\t\theight: px;\n\t\t\t\t\t}\n\t\t\t\t\t#ultib3-263958024969f3628794f4f .ultb3-btn {\n\t\t\t\t\t\tborder:2px solid #FFFFFF;border-radius:50px;color:#FFFFFF;\n\t\t\t\t\t}\n\t\t\t\t\t#ultib3-263958024969f3628794f4f .ultb3-btn:hover {\n\t\t\t\t\t\tbackground:#FFFFFF;color:#000000;\n\t\t\t\t\t}\n\t\t\t\t\t#ultib3-263958024969f3628794f4f .ultb3-btn:focus {\n\t\t\t\t\t\toutline: 2px solid #005fcc;\n\t\t\t\t\t\toutline-offset: 2px;\n\t\t\t\t\t}\n\t\t\t\t<\/style><\/div><\/div><\/div><\/div><!-- Row Backgrounds --><div class=\"upb_color\" data-bg-override=\"full\" data-bg-color=\"#000000\" data-fadeout=\"\" data-fadeout-percentage=\"30\" data-parallax-content=\"\" data-parallax-content-sense=\"30\" data-row-effect-mobile-disable=\"true\" data-img-parallax-mobile-disable=\"true\" data-rtl=\"false\"  data-custom-vc-row=\"\"  data-vc=\"8.7.2\"  data-is_old_vc=\"\"  data-theme-support=\"\"   data-overlay=\"false\" data-overlay-color=\"\" data-overlay-pattern=\"\" data-overlay-pattern-opacity=\"\" data-overlay-pattern-size=\"\"    ><\/div><div class=\"vc_row wpb_row vc_row-fluid vc_custom_1733767203300\"><div class=\"wpb_column vc_column_container vc_col-sm-6\"><div class=\"vc_column-inner\"><div class=\"wpb_wrapper\">\n\t<div class=\"wpb_text_column wpb_content_element\" >\n\t\t<div class=\"wpb_wrapper\">\n\t\t\t<h2><span style=\"color: #ffffff;\"><strong>\u201cStrong hold, strong look<\/strong> \u2013 <\/span><span style=\"color: #ffffff;\">Complete bikes for every adventure.\u201d<\/span><\/h2>\n\n\t\t<\/div>\n\t<\/div>\n<\/div><\/div><\/div><div class=\"wpb_column vc_column_container vc_col-sm-6\"><div class=\"vc_column-inner\"><div class=\"wpb_wrapper\"><\/div><\/div><\/div><\/div><!-- Row Backgrounds --><div class=\"upb_bg_img\" data-ultimate-bg=\"url(https:\/\/www.jr-automobile.de\/wp-content\/uploads\/2024\/12\/Reifenservice-JR-Automobile.jpg)\" data-image-id=\"id^232|url^https:\/\/www.jr-automobile.de\/wp-content\/uploads\/2024\/12\/Reifenservice-JR-Automobile.jpg|caption^null|alt^null|title^null|description^null\" data-ultimate-bg-style=\"vcpb-default\" data-bg-img-repeat=\"no-repeat\" data-bg-img-size=\"cover\" data-bg-img-position=\"\" data-parallx_sense=\"30\" data-bg-override=\"full\" data-bg_img_attach=\"scroll\" data-upb-overlay-color=\"\" data-upb-bg-animation=\"\" data-fadeout=\"\" data-bg-animation=\"left-animation\" data-bg-animation-type=\"h\" data-animation-repeat=\"repeat\" data-fadeout-percentage=\"30\" data-parallax-content=\"\" data-parallax-content-sense=\"30\" data-row-effect-mobile-disable=\"true\" data-img-parallax-mobile-disable=\"true\" data-rtl=\"false\"  data-custom-vc-row=\"\"  data-vc=\"8.7.2\"  data-is_old_vc=\"\"  data-theme-support=\"\"   data-overlay=\"false\" data-overlay-color=\"\" data-overlay-pattern=\"\" data-overlay-pattern-opacity=\"\" data-overlay-pattern-size=\"\"    ><\/div>\n<\/div>","protected":false},"excerpt":{"rendered":"<p>Exklusiver BMW-Reifenservice auf Anfrage \u2013 Perfekte Ausstattung f\u00fcr Ihr Fahrzeug Wir bieten Ihnen hochwertige Reifen mit Felgen sowie komplette Rads\u00e4tze, die speziell auf BMW-Fahrzeuge abgestimmt sind. Unser Angebot umfasst ausschlie\u00dflich BMW-Komplettr\u00e4der und erfolgt auf Anfrage, sodass wir Ihnen die perfekte Kombination f\u00fcr Ihr Fahrzeug bieten k\u00f6nnen. Bitte beachten Sie, dass wir keine Dienstleistungen wie Montage&hellip;<\/p>","protected":false},"author":1,"featured_media":166,"parent":0,"menu_order":0,"comment_status":"closed","ping_status":"closed","template":"","meta":{"footnotes":""},"class_list":["post-167","page","type-page","status-publish","has-post-thumbnail","hentry","description-off"],"yoast_head":"<!-- This site is optimized with the Yoast SEO plugin v27.2 - https:\/\/yoast.com\/product\/yoast-seo-wordpress\/ -->\n<title>Reifenservice | JR Automobile<\/title>\n<meta name=\"description\" content=\"Reifenservice \u2022 Autoh\u00e4ndler JR Automobile \u2022 BMW-Komplettr\u00e4der auf Anfrage \u2022 Gebrauchtwagenh\u00e4ndler aus K\u00fcrten \u2022 Jetzt anfragen!\" \/>\n<meta name=\"robots\" content=\"index, follow, max-snippet:-1, max-image-preview:large, max-video-preview:-1\" \/>\n<link rel=\"canonical\" href=\"https:\/\/www.jr-automobile.de\/en\/reifenservice\/\" \/>\n<meta property=\"og:locale\" content=\"en_GB\" \/>\n<meta property=\"og:type\" content=\"article\" \/>\n<meta property=\"og:title\" content=\"Reifenservice | JR Automobile\" \/>\n<meta property=\"og:description\" content=\"Reifenservice \u2022 Autoh\u00e4ndler JR Automobile \u2022 BMW-Komplettr\u00e4der auf Anfrage \u2022 Gebrauchtwagenh\u00e4ndler aus K\u00fcrten \u2022 Jetzt anfragen!\" \/>\n<meta property=\"og:url\" content=\"https:\/\/www.jr-automobile.de\/en\/reifenservice\/\" \/>\n<meta property=\"og:site_name\" content=\"JR Automobile\" \/>\n<meta property=\"article:modified_time\" content=\"2024-12-15T14:33:26+00:00\" \/>\n<meta property=\"og:image\" content=\"https:\/\/www.jr-automobile.de\/wp-content\/uploads\/2024\/12\/Reifenservice.jpg\" \/>\n\t<meta property=\"og:image:width\" content=\"800\" \/>\n\t<meta property=\"og:image:height\" content=\"600\" \/>\n\t<meta property=\"og:image:type\" content=\"image\/jpeg\" \/>\n<meta name=\"twitter:card\" content=\"summary_large_image\" \/>\n<meta name=\"twitter:label1\" content=\"Estimated reading time\" \/>\n\t<meta name=\"twitter:data1\" content=\"2 minutes\" \/>\n<script type=\"application\/ld+json\" class=\"yoast-schema-graph\">{\"@context\":\"https:\/\/schema.org\",\"@graph\":[{\"@type\":\"WebPage\",\"@id\":\"https:\/\/www.jr-automobile.de\/reifenservice\/\",\"url\":\"https:\/\/www.jr-automobile.de\/reifenservice\/\",\"name\":\"Reifenservice | JR Automobile\",\"isPartOf\":{\"@id\":\"https:\/\/www.jr-automobile.de\/#website\"},\"primaryImageOfPage\":{\"@id\":\"https:\/\/www.jr-automobile.de\/reifenservice\/#primaryimage\"},\"image\":{\"@id\":\"https:\/\/www.jr-automobile.de\/reifenservice\/#primaryimage\"},\"thumbnailUrl\":\"https:\/\/www.jr-automobile.de\/wp-content\/uploads\/2024\/12\/Reifenservice.jpg\",\"datePublished\":\"2024-12-08T12:11:43+00:00\",\"dateModified\":\"2024-12-15T14:33:26+00:00\",\"description\":\"Reifenservice \u2022 Autoh\u00e4ndler JR Automobile \u2022 BMW-Komplettr\u00e4der auf Anfrage \u2022 Gebrauchtwagenh\u00e4ndler aus K\u00fcrten \u2022 Jetzt anfragen!\",\"breadcrumb\":{\"@id\":\"https:\/\/www.jr-automobile.de\/reifenservice\/#breadcrumb\"},\"inLanguage\":\"en-GB\",\"potentialAction\":[{\"@type\":\"ReadAction\",\"target\":[\"https:\/\/www.jr-automobile.de\/reifenservice\/\"]}]},{\"@type\":\"ImageObject\",\"inLanguage\":\"en-GB\",\"@id\":\"https:\/\/www.jr-automobile.de\/reifenservice\/#primaryimage\",\"url\":\"https:\/\/www.jr-automobile.de\/wp-content\/uploads\/2024\/12\/Reifenservice.jpg\",\"contentUrl\":\"https:\/\/www.jr-automobile.de\/wp-content\/uploads\/2024\/12\/Reifenservice.jpg\",\"width\":800,\"height\":600,\"caption\":\"Reifenservice\"},{\"@type\":\"BreadcrumbList\",\"@id\":\"https:\/\/www.jr-automobile.de\/reifenservice\/#breadcrumb\",\"itemListElement\":[{\"@type\":\"ListItem\",\"position\":1,\"name\":\"Startseite\",\"item\":\"https:\/\/www.jr-automobile.de\/\"},{\"@type\":\"ListItem\",\"position\":2,\"name\":\"Reifenservice\"}]},{\"@type\":\"WebSite\",\"@id\":\"https:\/\/www.jr-automobile.de\/#website\",\"url\":\"https:\/\/www.jr-automobile.de\/\",\"name\":\"JR Automobile\",\"description\":\"\",\"publisher\":{\"@id\":\"https:\/\/www.jr-automobile.de\/#organization\"},\"potentialAction\":[{\"@type\":\"SearchAction\",\"target\":{\"@type\":\"EntryPoint\",\"urlTemplate\":\"https:\/\/www.jr-automobile.de\/?s={search_term_string}\"},\"query-input\":{\"@type\":\"PropertyValueSpecification\",\"valueRequired\":true,\"valueName\":\"search_term_string\"}}],\"inLanguage\":\"en-GB\"},{\"@type\":\"Organization\",\"@id\":\"https:\/\/www.jr-automobile.de\/#organization\",\"name\":\"JR Automobile\",\"url\":\"https:\/\/www.jr-automobile.de\/\",\"logo\":{\"@type\":\"ImageObject\",\"inLanguage\":\"en-GB\",\"@id\":\"https:\/\/www.jr-automobile.de\/#\/schema\/logo\/image\/\",\"url\":\"https:\/\/www.jr-automobile.de\/wp-content\/uploads\/2024\/12\/JR-Automobile-Kuerten-Logo.jpg\",\"contentUrl\":\"https:\/\/www.jr-automobile.de\/wp-content\/uploads\/2024\/12\/JR-Automobile-Kuerten-Logo.jpg\",\"width\":200,\"height\":200,\"caption\":\"JR Automobile\"},\"image\":{\"@id\":\"https:\/\/www.jr-automobile.de\/#\/schema\/logo\/image\/\"}}]}<\/script>\n<!-- \/ Yoast SEO plugin. -->","yoast_head_json":{"title":"Reifenservice | JR Automobile","description":"Reifenservice \u2022 Autoh\u00e4ndler JR Automobile \u2022 BMW-Komplettr\u00e4der auf Anfrage \u2022 Gebrauchtwagenh\u00e4ndler aus K\u00fcrten \u2022 Jetzt anfragen!","robots":{"index":"index","follow":"follow","max-snippet":"max-snippet:-1","max-image-preview":"max-image-preview:large","max-video-preview":"max-video-preview:-1"},"canonical":"https:\/\/www.jr-automobile.de\/en\/reifenservice\/","og_locale":"en_GB","og_type":"article","og_title":"Reifenservice | JR Automobile","og_description":"Reifenservice \u2022 Autoh\u00e4ndler JR Automobile \u2022 BMW-Komplettr\u00e4der auf Anfrage \u2022 Gebrauchtwagenh\u00e4ndler aus K\u00fcrten \u2022 Jetzt anfragen!","og_url":"https:\/\/www.jr-automobile.de\/en\/reifenservice\/","og_site_name":"JR Automobile","article_modified_time":"2024-12-15T14:33:26+00:00","og_image":[{"width":800,"height":600,"url":"https:\/\/www.jr-automobile.de\/wp-content\/uploads\/2024\/12\/Reifenservice.jpg","type":"image\/jpeg"}],"twitter_card":"summary_large_image","twitter_misc":{"Estimated reading time":"2 minutes"},"schema":{"@context":"https:\/\/schema.org","@graph":[{"@type":"WebPage","@id":"https:\/\/www.jr-automobile.de\/reifenservice\/","url":"https:\/\/www.jr-automobile.de\/reifenservice\/","name":"Reifenservice | JR Automobile","isPartOf":{"@id":"https:\/\/www.jr-automobile.de\/#website"},"primaryImageOfPage":{"@id":"https:\/\/www.jr-automobile.de\/reifenservice\/#primaryimage"},"image":{"@id":"https:\/\/www.jr-automobile.de\/reifenservice\/#primaryimage"},"thumbnailUrl":"https:\/\/www.jr-automobile.de\/wp-content\/uploads\/2024\/12\/Reifenservice.jpg","datePublished":"2024-12-08T12:11:43+00:00","dateModified":"2024-12-15T14:33:26+00:00","description":"Reifenservice \u2022 Autoh\u00e4ndler JR Automobile \u2022 BMW-Komplettr\u00e4der auf Anfrage \u2022 Gebrauchtwagenh\u00e4ndler aus K\u00fcrten \u2022 Jetzt anfragen!","breadcrumb":{"@id":"https:\/\/www.jr-automobile.de\/reifenservice\/#breadcrumb"},"inLanguage":"en-GB","potentialAction":[{"@type":"ReadAction","target":["https:\/\/www.jr-automobile.de\/reifenservice\/"]}]},{"@type":"ImageObject","inLanguage":"en-GB","@id":"https:\/\/www.jr-automobile.de\/reifenservice\/#primaryimage","url":"https:\/\/www.jr-automobile.de\/wp-content\/uploads\/2024\/12\/Reifenservice.jpg","contentUrl":"https:\/\/www.jr-automobile.de\/wp-content\/uploads\/2024\/12\/Reifenservice.jpg","width":800,"height":600,"caption":"Reifenservice"},{"@type":"BreadcrumbList","@id":"https:\/\/www.jr-automobile.de\/reifenservice\/#breadcrumb","itemListElement":[{"@type":"ListItem","position":1,"name":"Startseite","item":"https:\/\/www.jr-automobile.de\/"},{"@type":"ListItem","position":2,"name":"Reifenservice"}]},{"@type":"WebSite","@id":"https:\/\/www.jr-automobile.de\/#website","url":"https:\/\/www.jr-automobile.de\/","name":"JR Automobile","description":"","publisher":{"@id":"https:\/\/www.jr-automobile.de\/#organization"},"potentialAction":[{"@type":"SearchAction","target":{"@type":"EntryPoint","urlTemplate":"https:\/\/www.jr-automobile.de\/?s={search_term_string}"},"query-input":{"@type":"PropertyValueSpecification","valueRequired":true,"valueName":"search_term_string"}}],"inLanguage":"en-GB"},{"@type":"Organization","@id":"https:\/\/www.jr-automobile.de\/#organization","name":"JR Automobile","url":"https:\/\/www.jr-automobile.de\/","logo":{"@type":"ImageObject","inLanguage":"en-GB","@id":"https:\/\/www.jr-automobile.de\/#\/schema\/logo\/image\/","url":"https:\/\/www.jr-automobile.de\/wp-content\/uploads\/2024\/12\/JR-Automobile-Kuerten-Logo.jpg","contentUrl":"https:\/\/www.jr-automobile.de\/wp-content\/uploads\/2024\/12\/JR-Automobile-Kuerten-Logo.jpg","width":200,"height":200,"caption":"JR Automobile"},"image":{"@id":"https:\/\/www.jr-automobile.de\/#\/schema\/logo\/image\/"}}]}},"_links":{"self":[{"href":"https:\/\/www.jr-automobile.de\/en\/wp-json\/wp\/v2\/pages\/167","targetHints":{"allow":["GET"]}}],"collection":[{"href":"https:\/\/www.jr-automobile.de\/en\/wp-json\/wp\/v2\/pages"}],"about":[{"href":"https:\/\/www.jr-automobile.de\/en\/wp-json\/wp\/v2\/types\/page"}],"author":[{"embeddable":true,"href":"https:\/\/www.jr-automobile.de\/en\/wp-json\/wp\/v2\/users\/1"}],"replies":[{"embeddable":true,"href":"https:\/\/www.jr-automobile.de\/en\/wp-json\/wp\/v2\/comments?post=167"}],"version-history":[{"count":9,"href":"https:\/\/www.jr-automobile.de\/en\/wp-json\/wp\/v2\/pages\/167\/revisions"}],"predecessor-version":[{"id":397,"href":"https:\/\/www.jr-automobile.de\/en\/wp-json\/wp\/v2\/pages\/167\/revisions\/397"}],"wp:featuredmedia":[{"embeddable":true,"href":"https:\/\/www.jr-automobile.de\/en\/wp-json\/wp\/v2\/media\/166"}],"wp:attachment":[{"href":"https:\/\/www.jr-automobile.de\/en\/wp-json\/wp\/v2\/media?parent=167"}],"curies":[{"name":"wp","href":"https:\/\/api.w.org\/{rel}","templated":true}]}}