{"id":18,"date":"2024-11-29T17:12:19","date_gmt":"2024-11-29T16:12:19","guid":{"rendered":"https:\/\/www.jr-automobile.de\/?page_id=18"},"modified":"2025-07-11T20:55:01","modified_gmt":"2025-07-11T18:55:01","slug":"impressum","status":"publish","type":"page","link":"https:\/\/www.jr-automobile.de\/en\/impressum\/","title":{"rendered":"Imprint"},"content":{"rendered":"<div class=\"wpb-content-wrapper\"><div class=\"vc_row wpb_row vc_row-fluid\"><div class=\"wpb_column vc_column_container vc_col-sm-12\"><div class=\"vc_column-inner\"><div class=\"wpb_wrapper\"><div class=\"vc_empty_space\"   style=\"height: 50px\"><span class=\"vc_empty_space_inner\"><\/span><\/div>\n\t<div class=\"wpb_text_column wpb_content_element\" >\n\t\t<div class=\"wpb_wrapper\">\n\t\t\t<p><strong><img loading=\"lazy\" decoding=\"async\" class=\"size-full wp-image-105 alignnone\" src=\"https:\/\/www.jr-automobile.de\/wp-content\/uploads\/2024\/12\/JR-Automobile-Kuerten-black.png\" alt=\"Autoh\u00e4ndler JR Automobile K\u00fcrten\" width=\"150\" height=\"75\" \/><\/strong><\/p>\n<p><strong>Office<\/strong><br \/>\nJR Automobile<br \/>\nLindlarer Stra\u00dfe\u00a01<br \/>\nD-51515 K\u00fcrten<\/p>\n<p><strong>Showroom<\/strong><br \/>\nJR Automobile<br \/>\nWipperf\u00fcrther Str. 320<br \/>\nD-51515 K\u00fcrten<\/p>\n<p><strong>Contact<\/strong><br \/>\nMobile: +49 (0) 174 9636616<br \/>\nPhone: +49 (0) 2268 801935<br \/>\nE-Mail: jr-automobile@t-online.de<\/p>\n<p>&nbsp;<\/p>\n<p><strong>Business owner<\/strong><br \/>\nJeton Ramadani<\/p>\n<p><strong>Value added tax identification number in accordance with \u00a7 27a of the Value Added Tax Act:<\/strong><br \/>\nDE233906791<\/p>\n<p><strong>Data protection<br \/>\n<\/strong>Information on the processing of your data and rights of objection<br \/>\n<a href=\"https:\/\/www.jr-automobile.de\/en\/datenschutz\/\">www.jr-automobile.de\/datenschutz<\/a><\/p>\n<p><strong>Picture credits<\/strong><br \/>\n<a href=\"https:\/\/stock.adobe.com\/\">Adobe Stock<\/a><\/p>\n<p>&nbsp;<\/p>\n<p><strong>Online dispute participation<br \/>\n<\/strong>The European Commission provides a platform for online dispute resolution (OS), which you can access at <a href=\"https:\/\/ec.europa.eu\/consumers\/odr\/main\/index.cfm?event=main.home2.show&amp;lng=DE\" target=\"_blank\" rel=\"noopener\">https:\/\/ec.europa.eu\/consumers\/odr<\/a> find. We are not obliged or willing to participate in dispute resolution proceedings before a consumer arbitration board.<\/p>\n<p>&nbsp;<\/p>\n<h4 data-start=\"4406\" data-end=\"4436\"><strong data-start=\"4409\" data-end=\"4436\">Conception &amp; Design<\/strong><\/h4>\n<p data-start=\"4438\" data-end=\"4560\">This website was created on behalf of\u00a0<strong data-start=\"4475\" data-end=\"4516\">JR Automobile <\/strong>developed by:<br \/>\n<strong data-start=\"4537\" data-end=\"4560\">Haypix advertising agency<\/strong><\/p>\n<p><a href=\"https:\/\/www.haypix.de\" target=\"_blank\" rel=\"noopener\"><img loading=\"lazy\" decoding=\"async\" class=\"alignleft wp-image-48 size-full\" src=\"https:\/\/www.jr-automobile.de\/wp-content\/uploads\/2024\/12\/Werbeagentur-Haypix.png\" alt=\"Werbeagentur Haypix\" width=\"240\" height=\"70\" \/><\/a><\/p>\n\n\t\t<\/div>\n\t<\/div>\n<div class=\"vc_empty_space\"   style=\"height: 50px\"><span class=\"vc_empty_space_inner\"><\/span><\/div><\/div><\/div><\/div><\/div><!-- Row Backgrounds --><div class=\"upb_bg_img\" data-ultimate-bg=\"url(https:\/\/www.jr-automobile.de\/wp-content\/uploads\/2024\/12\/Background.jpg)\" data-image-id=\"id^97|url^https:\/\/www.jr-automobile.de\/wp-content\/uploads\/2024\/12\/Background.jpg|caption^null|alt^null|title^null|description^null\" data-ultimate-bg-style=\"vcpb-default\" data-bg-img-repeat=\"no-repeat\" data-bg-img-size=\"cover\" data-bg-img-position=\"\" data-parallx_sense=\"30\" data-bg-override=\"full\" data-bg_img_attach=\"fixed\" data-upb-overlay-color=\"\" data-upb-bg-animation=\"\" data-fadeout=\"\" data-bg-animation=\"left-animation\" data-bg-animation-type=\"h\" data-animation-repeat=\"repeat\" data-fadeout-percentage=\"30\" data-parallax-content=\"\" data-parallax-content-sense=\"30\" data-row-effect-mobile-disable=\"true\" data-img-parallax-mobile-disable=\"true\" data-rtl=\"false\"  data-custom-vc-row=\"\"  data-vc=\"8.7.2\"  data-is_old_vc=\"\"  data-theme-support=\"\"   data-overlay=\"false\" data-overlay-color=\"\" data-overlay-pattern=\"\" data-overlay-pattern-opacity=\"\" data-overlay-pattern-size=\"\"    ><\/div><div class=\"vc_row wpb_row vc_row-fluid vc_custom_1733161833951\"><div class=\"wpb_column vc_column_container vc_col-sm-12\"><div class=\"vc_column-inner\"><div class=\"wpb_wrapper\"><div class=\"vc_empty_space\"   style=\"height: 50px\"><span class=\"vc_empty_space_inner\"><\/span><\/div>\n\t<div class=\"wpb_text_column wpb_content_element\" >\n\t\t<div class=\"wpb_wrapper\">\n\t\t\t<h3 data-start=\"2335\" data-end=\"2358\"><span style=\"color: #ffffff;\"><strong data-start=\"2338\" data-end=\"2358\">Disclaimer<\/strong><\/span><\/h3>\n<h4 data-start=\"409\" data-end=\"435\"><span style=\"color: #ffffff;\">Liability for content<\/span><\/h4>\n<p data-start=\"436\" data-end=\"879\"><span style=\"color: #ffffff;\">As a service provider, we are responsible for our own content on these pages in accordance with \u00a7 7 (1) of the German Telemedia Act (TMG) and general laws. According to \u00a7\u00a7 8 to 10 TMG, we are not obligated to monitor transmitted or stored third-party information or to investigate circumstances that indicate illegal activity. Obligations to remove or block the use of information under general law remain unaffected.<\/span><\/p>\n<p data-start=\"881\" data-end=\"1086\"><span style=\"color: #ffffff;\">Liability in this regard is only possible from the moment of knowledge of a specific legal violation. Upon becoming aware of such infringements, we will remove the content immediately.<\/span><\/p>\n<h4 data-start=\"1088\" data-end=\"1112\"><span style=\"color: #ffffff;\">Liability for links<\/span><\/h4>\n<p data-start=\"1113\" data-end=\"1518\"><span style=\"color: #ffffff;\">Our website contains links to external third-party websites over whose content we have no control. Therefore, we assume no liability for such external content. The respective provider or operator is always responsible for the content of the linked pages. The linked pages were reviewed for potential legal violations at the time of linking, and no unlawful content was identifiable.<\/span><\/p>\n<p data-start=\"1520\" data-end=\"1738\"><span style=\"color: #ffffff;\">However, a permanent content control of linked websites is unreasonable without concrete indications of a legal violation. If we become aware of any such infringements, we will remove such links promptly.<\/span><\/p>\n<h4 data-start=\"1740\" data-end=\"1759\"><span style=\"color: #ffffff;\">Copyright<\/span><\/h4>\n<p data-start=\"1760\" data-end=\"2173\"><span style=\"color: #ffffff;\">The content and works created by the site operators on this website are subject to German copyright law. Reproduction, editing, distribution, or any form of exploitation beyond the scope of copyright law require the prior written consent of the respective author or creator. Downloads and copies of this site are only permitted for private, non-commercial use.<\/span><\/p>\n<p data-start=\"2175\" data-end=\"2502\"><span style=\"color: #ffffff;\">Where content on this site was not created by the operator, the copyrights of third parties are respected and indicated as such. Should you nevertheless become aware of a copyright infringement, please inform us accordingly. Upon notification of such violations, we will promptly remove the respective content.<\/span><\/p>\n\n\t\t<\/div>\n\t<\/div>\n<div class=\"vc_empty_space\"   style=\"height: 50px\"><span class=\"vc_empty_space_inner\"><\/span><\/div><\/div><\/div><\/div><\/div><!-- Row Backgrounds --><div class=\"upb_color\" data-bg-override=\"full\" data-bg-color=\"#000000\" data-fadeout=\"\" data-fadeout-percentage=\"30\" data-parallax-content=\"\" data-parallax-content-sense=\"30\" data-row-effect-mobile-disable=\"true\" data-img-parallax-mobile-disable=\"true\" data-rtl=\"false\"  data-custom-vc-row=\"\"  data-vc=\"8.7.2\"  data-is_old_vc=\"\"  data-theme-support=\"\"   data-overlay=\"false\" data-overlay-color=\"\" data-overlay-pattern=\"\" data-overlay-pattern-opacity=\"\" data-overlay-pattern-size=\"\"    ><\/div>\n<\/div>","protected":false},"excerpt":{"rendered":"<p>B\u00fcro JR Automobile Lindlarer Stra\u00dfe\u00a01 D-51515 K\u00fcrten Showroom JR Automobile Wipperf\u00fcrther Str. 320 D-51515 K\u00fcrten Kontakt Mobil: +49 (0) 174 9636616 Festnetz: +49 (0) 2268 801935 E-Mail: jr-automobile@t-online.de &nbsp; Gesch\u00e4ftsinhaber Jeton Ramadani Umsatzsteuer-Identifikationsnummer nach \u00a7 27a Umsatzsteuergesetz: DE233906791 Datenschutz Hinweise zur Verarbeitung Ihrer Angaben und Widerspruchsrechte www.jr-automobile.de\/datenschutz Bildquellennachweise Adobe Stock &nbsp; Online Streitbeteiligung Die Europ\u00e4ische&hellip;<\/p>","protected":false},"author":1,"featured_media":361,"parent":0,"menu_order":0,"comment_status":"closed","ping_status":"closed","template":"","meta":{"footnotes":""},"class_list":["post-18","page","type-page","status-publish","has-post-thumbnail","hentry","description-off"],"yoast_head":"<!-- This site is optimized with the Yoast SEO plugin v27.2 - https:\/\/yoast.com\/product\/yoast-seo-wordpress\/ -->\n<title>Impressum | JR Automobile<\/title>\n<meta name=\"description\" content=\"Impressum \u2022 JR Automobile K\u00fcrten \u2022 Mobil:+49 (0) 174 9636616 49 Telefon: (0) 2268 801935 \u2022 E-Mail: jr-automobile@t-online.de\" \/>\n<meta name=\"robots\" content=\"index, follow, max-snippet:-1, max-image-preview:large, max-video-preview:-1\" \/>\n<link rel=\"canonical\" href=\"https:\/\/www.jr-automobile.de\/en\/impressum\/\" \/>\n<meta property=\"og:locale\" content=\"en_GB\" \/>\n<meta property=\"og:type\" content=\"article\" \/>\n<meta property=\"og:title\" content=\"Impressum | JR Automobile\" \/>\n<meta property=\"og:description\" content=\"Impressum \u2022 JR Automobile K\u00fcrten \u2022 Mobil:+49 (0) 174 9636616 49 Telefon: (0) 2268 801935 \u2022 E-Mail: jr-automobile@t-online.de\" \/>\n<meta property=\"og:url\" content=\"https:\/\/www.jr-automobile.de\/en\/impressum\/\" \/>\n<meta property=\"og:site_name\" content=\"JR Automobile\" \/>\n<meta property=\"article:modified_time\" content=\"2025-07-11T18:55:01+00:00\" \/>\n<meta property=\"og:image\" content=\"https:\/\/www.jr-automobile.de\/wp-content\/uploads\/2024\/12\/JR-Automobile-Kuerten-Logo.jpg\" \/>\n\t<meta property=\"og:image:width\" content=\"200\" \/>\n\t<meta property=\"og:image:height\" content=\"200\" \/>\n\t<meta property=\"og:image:type\" content=\"image\/jpeg\" \/>\n<meta name=\"twitter:card\" content=\"summary_large_image\" \/>\n<meta name=\"twitter:label1\" content=\"Estimated reading time\" \/>\n\t<meta name=\"twitter:data1\" content=\"3 minutes\" \/>\n<script type=\"application\/ld+json\" class=\"yoast-schema-graph\">{\"@context\":\"https:\/\/schema.org\",\"@graph\":[{\"@type\":\"WebPage\",\"@id\":\"https:\/\/www.jr-automobile.de\/impressum\/\",\"url\":\"https:\/\/www.jr-automobile.de\/impressum\/\",\"name\":\"Impressum | JR Automobile\",\"isPartOf\":{\"@id\":\"https:\/\/www.jr-automobile.de\/#website\"},\"primaryImageOfPage\":{\"@id\":\"https:\/\/www.jr-automobile.de\/impressum\/#primaryimage\"},\"image\":{\"@id\":\"https:\/\/www.jr-automobile.de\/impressum\/#primaryimage\"},\"thumbnailUrl\":\"https:\/\/www.jr-automobile.de\/wp-content\/uploads\/2024\/12\/JR-Automobile-Kuerten-Logo.jpg\",\"datePublished\":\"2024-11-29T16:12:19+00:00\",\"dateModified\":\"2025-07-11T18:55:01+00:00\",\"description\":\"Impressum \u2022 JR Automobile K\u00fcrten \u2022 Mobil:+49 (0) 174 9636616 49 Telefon: (0) 2268 801935 \u2022 E-Mail: jr-automobile@t-online.de\",\"breadcrumb\":{\"@id\":\"https:\/\/www.jr-automobile.de\/impressum\/#breadcrumb\"},\"inLanguage\":\"en-GB\",\"potentialAction\":[{\"@type\":\"ReadAction\",\"target\":[\"https:\/\/www.jr-automobile.de\/impressum\/\"]}]},{\"@type\":\"ImageObject\",\"inLanguage\":\"en-GB\",\"@id\":\"https:\/\/www.jr-automobile.de\/impressum\/#primaryimage\",\"url\":\"https:\/\/www.jr-automobile.de\/wp-content\/uploads\/2024\/12\/JR-Automobile-Kuerten-Logo.jpg\",\"contentUrl\":\"https:\/\/www.jr-automobile.de\/wp-content\/uploads\/2024\/12\/JR-Automobile-Kuerten-Logo.jpg\",\"width\":200,\"height\":200,\"caption\":\"Autoh\u00e4ndler in K\u00fcrten, Kontakt, Impressum\"},{\"@type\":\"BreadcrumbList\",\"@id\":\"https:\/\/www.jr-automobile.de\/impressum\/#breadcrumb\",\"itemListElement\":[{\"@type\":\"ListItem\",\"position\":1,\"name\":\"Startseite\",\"item\":\"https:\/\/www.jr-automobile.de\/\"},{\"@type\":\"ListItem\",\"position\":2,\"name\":\"Impressum\"}]},{\"@type\":\"WebSite\",\"@id\":\"https:\/\/www.jr-automobile.de\/#website\",\"url\":\"https:\/\/www.jr-automobile.de\/\",\"name\":\"JR Automobile\",\"description\":\"\",\"publisher\":{\"@id\":\"https:\/\/www.jr-automobile.de\/#organization\"},\"potentialAction\":[{\"@type\":\"SearchAction\",\"target\":{\"@type\":\"EntryPoint\",\"urlTemplate\":\"https:\/\/www.jr-automobile.de\/?s={search_term_string}\"},\"query-input\":{\"@type\":\"PropertyValueSpecification\",\"valueRequired\":true,\"valueName\":\"search_term_string\"}}],\"inLanguage\":\"en-GB\"},{\"@type\":\"Organization\",\"@id\":\"https:\/\/www.jr-automobile.de\/#organization\",\"name\":\"JR Automobile\",\"url\":\"https:\/\/www.jr-automobile.de\/\",\"logo\":{\"@type\":\"ImageObject\",\"inLanguage\":\"en-GB\",\"@id\":\"https:\/\/www.jr-automobile.de\/#\/schema\/logo\/image\/\",\"url\":\"https:\/\/www.jr-automobile.de\/wp-content\/uploads\/2024\/12\/JR-Automobile-Kuerten-Logo.jpg\",\"contentUrl\":\"https:\/\/www.jr-automobile.de\/wp-content\/uploads\/2024\/12\/JR-Automobile-Kuerten-Logo.jpg\",\"width\":200,\"height\":200,\"caption\":\"JR Automobile\"},\"image\":{\"@id\":\"https:\/\/www.jr-automobile.de\/#\/schema\/logo\/image\/\"}}]}<\/script>\n<!-- \/ Yoast SEO plugin. -->","yoast_head_json":{"title":"Impressum | JR Automobile","description":"Impressum \u2022 JR Automobile K\u00fcrten \u2022 Mobil:+49 (0) 174 9636616 49 Telefon: (0) 2268 801935 \u2022 E-Mail: jr-automobile@t-online.de","robots":{"index":"index","follow":"follow","max-snippet":"max-snippet:-1","max-image-preview":"max-image-preview:large","max-video-preview":"max-video-preview:-1"},"canonical":"https:\/\/www.jr-automobile.de\/en\/impressum\/","og_locale":"en_GB","og_type":"article","og_title":"Impressum | JR Automobile","og_description":"Impressum \u2022 JR Automobile K\u00fcrten \u2022 Mobil:+49 (0) 174 9636616 49 Telefon: (0) 2268 801935 \u2022 E-Mail: jr-automobile@t-online.de","og_url":"https:\/\/www.jr-automobile.de\/en\/impressum\/","og_site_name":"JR Automobile","article_modified_time":"2025-07-11T18:55:01+00:00","og_image":[{"width":200,"height":200,"url":"https:\/\/www.jr-automobile.de\/wp-content\/uploads\/2024\/12\/JR-Automobile-Kuerten-Logo.jpg","type":"image\/jpeg"}],"twitter_card":"summary_large_image","twitter_misc":{"Estimated reading time":"3 minutes"},"schema":{"@context":"https:\/\/schema.org","@graph":[{"@type":"WebPage","@id":"https:\/\/www.jr-automobile.de\/impressum\/","url":"https:\/\/www.jr-automobile.de\/impressum\/","name":"Impressum | JR Automobile","isPartOf":{"@id":"https:\/\/www.jr-automobile.de\/#website"},"primaryImageOfPage":{"@id":"https:\/\/www.jr-automobile.de\/impressum\/#primaryimage"},"image":{"@id":"https:\/\/www.jr-automobile.de\/impressum\/#primaryimage"},"thumbnailUrl":"https:\/\/www.jr-automobile.de\/wp-content\/uploads\/2024\/12\/JR-Automobile-Kuerten-Logo.jpg","datePublished":"2024-11-29T16:12:19+00:00","dateModified":"2025-07-11T18:55:01+00:00","description":"Impressum \u2022 JR Automobile K\u00fcrten \u2022 Mobil:+49 (0) 174 9636616 49 Telefon: (0) 2268 801935 \u2022 E-Mail: jr-automobile@t-online.de","breadcrumb":{"@id":"https:\/\/www.jr-automobile.de\/impressum\/#breadcrumb"},"inLanguage":"en-GB","potentialAction":[{"@type":"ReadAction","target":["https:\/\/www.jr-automobile.de\/impressum\/"]}]},{"@type":"ImageObject","inLanguage":"en-GB","@id":"https:\/\/www.jr-automobile.de\/impressum\/#primaryimage","url":"https:\/\/www.jr-automobile.de\/wp-content\/uploads\/2024\/12\/JR-Automobile-Kuerten-Logo.jpg","contentUrl":"https:\/\/www.jr-automobile.de\/wp-content\/uploads\/2024\/12\/JR-Automobile-Kuerten-Logo.jpg","width":200,"height":200,"caption":"Autoh\u00e4ndler in K\u00fcrten, Kontakt, Impressum"},{"@type":"BreadcrumbList","@id":"https:\/\/www.jr-automobile.de\/impressum\/#breadcrumb","itemListElement":[{"@type":"ListItem","position":1,"name":"Startseite","item":"https:\/\/www.jr-automobile.de\/"},{"@type":"ListItem","position":2,"name":"Impressum"}]},{"@type":"WebSite","@id":"https:\/\/www.jr-automobile.de\/#website","url":"https:\/\/www.jr-automobile.de\/","name":"JR Automobile","description":"","publisher":{"@id":"https:\/\/www.jr-automobile.de\/#organization"},"potentialAction":[{"@type":"SearchAction","target":{"@type":"EntryPoint","urlTemplate":"https:\/\/www.jr-automobile.de\/?s={search_term_string}"},"query-input":{"@type":"PropertyValueSpecification","valueRequired":true,"valueName":"search_term_string"}}],"inLanguage":"en-GB"},{"@type":"Organization","@id":"https:\/\/www.jr-automobile.de\/#organization","name":"JR Automobile","url":"https:\/\/www.jr-automobile.de\/","logo":{"@type":"ImageObject","inLanguage":"en-GB","@id":"https:\/\/www.jr-automobile.de\/#\/schema\/logo\/image\/","url":"https:\/\/www.jr-automobile.de\/wp-content\/uploads\/2024\/12\/JR-Automobile-Kuerten-Logo.jpg","contentUrl":"https:\/\/www.jr-automobile.de\/wp-content\/uploads\/2024\/12\/JR-Automobile-Kuerten-Logo.jpg","width":200,"height":200,"caption":"JR Automobile"},"image":{"@id":"https:\/\/www.jr-automobile.de\/#\/schema\/logo\/image\/"}}]}},"_links":{"self":[{"href":"https:\/\/www.jr-automobile.de\/en\/wp-json\/wp\/v2\/pages\/18","targetHints":{"allow":["GET"]}}],"collection":[{"href":"https:\/\/www.jr-automobile.de\/en\/wp-json\/wp\/v2\/pages"}],"about":[{"href":"https:\/\/www.jr-automobile.de\/en\/wp-json\/wp\/v2\/types\/page"}],"author":[{"embeddable":true,"href":"https:\/\/www.jr-automobile.de\/en\/wp-json\/wp\/v2\/users\/1"}],"replies":[{"embeddable":true,"href":"https:\/\/www.jr-automobile.de\/en\/wp-json\/wp\/v2\/comments?post=18"}],"version-history":[{"count":10,"href":"https:\/\/www.jr-automobile.de\/en\/wp-json\/wp\/v2\/pages\/18\/revisions"}],"predecessor-version":[{"id":453,"href":"https:\/\/www.jr-automobile.de\/en\/wp-json\/wp\/v2\/pages\/18\/revisions\/453"}],"wp:featuredmedia":[{"embeddable":true,"href":"https:\/\/www.jr-automobile.de\/en\/wp-json\/wp\/v2\/media\/361"}],"wp:attachment":[{"href":"https:\/\/www.jr-automobile.de\/en\/wp-json\/wp\/v2\/media?parent=18"}],"curies":[{"name":"wp","href":"https:\/\/api.w.org\/{rel}","templated":true}]}}