{"id":185,"date":"2024-12-08T15:01:27","date_gmt":"2024-12-08T14:01:27","guid":{"rendered":"https:\/\/www.jr-automobile.de\/?page_id=185"},"modified":"2024-12-15T17:55:59","modified_gmt":"2024-12-15T16:55:59","slug":"fahrzeugfinanzierung","status":"publish","type":"page","link":"https:\/\/www.jr-automobile.de\/en\/fahrzeugfinanzierung\/","title":{"rendered":"Vehicle financing"},"content":{"rendered":"<div class=\"wpb-content-wrapper\"><div class=\"vc_row wpb_row vc_row-fluid\"><div class=\"wpb_column vc_column_container vc_col-sm-12\"><div class=\"vc_column-inner\"><div class=\"wpb_wrapper\">\n\t<div class=\"wpb_text_column wpb_content_element\" >\n\t\t<div class=\"wpb_wrapper\">\n\t\t\t<h3 style=\"text-align: center;\"><strong>Financing your dream vehicle<\/strong> \u2013<br \/>\nSimple, fast and transparent<\/h3>\n<p style=\"text-align: center;\">There are many good reasons to finance a new vehicle: from a clearly calculable monthly charge to expanding your financial scope. With <a href=\"https:\/\/www.jr-automobile.de\/en\/\">JR Automobile<\/a> we make the process as uncomplicated as possible - directly on site, without cumbersome phone calls or additional bureaucracy for you. With our all-round service, we get you to your dream vehicle quickly and stress-free.<\/p>\n<p style=\"text-align: center;\">Together with our strong partner <a href=\"https:\/\/www.bank11.de\/\" target=\"_blank\" rel=\"noopener\"><strong>Bank11<\/strong><\/a> we offer you first-class financing options with attractive conditions that are individually tailored to your needs. Bank11 stands for reliability and many years of experience - a partner you can count on.<\/p>\n<p style=\"text-align: center;\">Contact us directly with your financing requirements. In a personal meeting at our dealership, we will work together to develop a financing solution that suits you perfectly. Whether flexible terms, low rates or customized options - we will find the right way for you to finance your car. <a href=\"https:\/\/home.mobile.de\/JRAUTOMOBILE#ses\" target=\"_blank\" rel=\"noopener\">Dream car<\/a> can afford.<\/p>\n<p style=\"text-align: center;\">Don't wait any longer - start your car financing now and benefit from our comprehensive service. <strong>We look forward to advising you personally at JR Automobile!<\/strong><\/p>\n\n\t\t<\/div>\n\t<\/div>\n<\/div><\/div><\/div><\/div><div class=\"vc_row wpb_row vc_row-fluid\"><div class=\"wpb_column vc_column_container vc_col-sm-12\"><div class=\"vc_column-inner\"><div class=\"wpb_wrapper\">\n\t<div class=\"wpb_text_column wpb_content_element\" >\n\t\t<div class=\"wpb_wrapper\">\n\t\t\t<p><a href=\"https:\/\/www.bank11.de\/\" target=\"_blank\" rel=\"noopener\"><img loading=\"lazy\" decoding=\"async\" class=\"aligncenter wp-image-358 size-full\" src=\"https:\/\/www.jr-automobile.de\/wp-content\/uploads\/2024\/12\/Bank-11.jpg\" alt=\"\" width=\"200\" height=\"60\" srcset=\"https:\/\/www.jr-automobile.de\/wp-content\/uploads\/2024\/12\/Bank-11.jpg 200w, https:\/\/www.jr-automobile.de\/wp-content\/uploads\/2024\/12\/Bank-11-18x5.jpg 18w\" sizes=\"auto, (max-width: 200px) 100vw, 200px\" \/><\/a><\/p>\n\n\t\t<\/div>\n\t<\/div>\n<\/div><\/div><\/div><\/div><div class=\"vc_row wpb_row vc_row-fluid\"><div class=\"wpb_column vc_column_container vc_col-sm-12\"><div class=\"vc_column-inner\"><div class=\"wpb_wrapper\"><div class=\"vc_empty_space\"   style=\"height: 50px\"><span class=\"vc_empty_space_inner\"><\/span><\/div><\/div><\/div><\/div><\/div><div class=\"vc_row wpb_row vc_row-fluid vc_column-gap-20\"><div class=\"wpb_column vc_column_container vc_col-sm-6\"><div class=\"vc_column-inner\"><div class=\"wpb_wrapper\">\n\t<div class=\"wpb_text_column wpb_content_element\" >\n\t\t<div class=\"wpb_wrapper\">\n\t\t\t<h3><strong>Your advantages at a glance:<\/strong><\/h3>\n<ul>\n<li><strong>Individual financing:<br \/>\n<\/strong>Flexible terms, fair interest rates and conditions that fit your budget perfectly.<\/li>\n<li><strong>Uncomplicated processing:<br \/>\n<\/strong>We take care of all the bureaucracy - quickly, efficiently and directly on site.<\/li>\n<li><strong>Quick commitment:<br \/>\n<\/strong>Thanks to our cooperation with Bank11, we can offer you a financing commitment quickly.<\/li>\n<li><strong>Customized solutions:<br \/>\n<\/strong>Whether it's a new or used car - we will find the right financing model for your situation.<\/li>\n<li><strong>Maximum transparency:<br \/>\n<\/strong>We explain all the details to you clearly and are always on hand to advise you.<\/li>\n<\/ul>\n\n\t\t<\/div>\n\t<\/div>\n<\/div><\/div><\/div><div class=\"wpb_column vc_column_container vc_col-sm-6\"><div class=\"vc_column-inner\"><div class=\"wpb_wrapper\">\n\t<div class=\"wpb_text_column wpb_content_element\" >\n\t\t<div class=\"wpb_wrapper\">\n\t\t\t<h3><strong>Why JR Automobile?<\/strong><\/h3>\n<ul>\n<li><strong>Experience and competence:<br \/>\n<\/strong>As experts in vehicle financing, we know what is important and will find the best solution for you.<\/li>\n<li><strong>Personal advice:<br \/>\n<\/strong>You are not a number with us. We take the time to understand your wishes and needs.<\/li>\n<li><strong>All-round service:<br \/>\n<\/strong>From the selection of the vehicle to the final financing - everything from a single source and without detours.<\/li>\n<li><strong>Strong partners:<br \/>\n<\/strong>With Bank11, we have an experienced and reliable financial partner at our side.<\/li>\n<li><strong>Customer satisfaction:<br \/>\n<\/strong>Our many satisfied customers speak for the quality of our work.<\/li>\n<\/ul>\n\n\t\t<\/div>\n\t<\/div>\n<\/div><\/div><\/div><\/div><div class=\"vc_row wpb_row vc_row-fluid\"><div class=\"wpb_column vc_column_container vc_col-sm-12\"><div class=\"vc_column-inner\"><div class=\"wpb_wrapper\"><div class=\"vc_empty_space\"   style=\"height: 50px\"><span class=\"vc_empty_space_inner\"><\/span><\/div><\/div><\/div><\/div><\/div><div class=\"vc_row wpb_row vc_row-fluid\"><div class=\"wpb_column vc_column_container vc_col-sm-12\"><div class=\"vc_column-inner\"><div class=\"wpb_wrapper\"><div id=\"ultib3-295337936169e48f409aac3\" class=\"ultb3-box ult-adjust-bottom-margin\" style=\"background-color: #000000;\"><div id=\"Info-banner-wrap5855\" class=\"ultb3-info ib3-info-center\" data-animation=\"\" data-animation-delay=\"03\"><div class=\"ultb3-title ult-responsive\"  data-ultimate-target='#Info-banner-wrap5855 .ultb3-title'  data-responsive-json-new='{\"font-size\":\"desktop:28px;\",\"line-height\":\"\"}'  style=\"font-weight:bold;color:#FFFFFF;\">Get advice now!<\/div><div class=\"ultb3-desc ult-responsive\"  data-ultimate-target='#Info-banner-wrap5855 .ultb3-desc'  data-responsive-json-new='{\"font-size\":\"desktop:15px;\",\"line-height\":\"\"}'  style=\"font-weight:normal;color:#FFFFFF;\">Choose your new vehicle from our range today and express your financing requirements.<\/div><a href=\"https:\/\/www.jr-automobile.de\/en\/kontakt\/\"  class=\"ultb3-btn ult-responsive\"  data-ultimate-target='#Info-banner-wrap5855 .ultb3-btn'  data-responsive-json-new='{\"font-size\":\"desktop:16px;\",\"line-height\":\"\"}'  style=\"font-weight:bold;\">Find out more now!<i class=\"Defaults-angle-right\"><\/i><\/a><\/div><\/div><style>\n\t\t\t\t\t#ultib3-295337936169e48f409aac3 {\n\t\t\t\t\t\tmin-height:50px;\n\t\t\t\t\t}\n\t\t\t\t\t#ultib3-295337936169e48f409aac3 img.ultb3-img {\n\t\t\t\t\t\theight: px;\n\t\t\t\t\t}\n\t\t\t\t\t#ultib3-295337936169e48f409aac3 .ultb3-btn {\n\t\t\t\t\t\tborder:2px solid #FFFFFF;border-radius:50px;color:#FFFFFF;\n\t\t\t\t\t}\n\t\t\t\t\t#ultib3-295337936169e48f409aac3 .ultb3-btn:hover {\n\t\t\t\t\t\tbackground:#FFFFFF;color:#000000;\n\t\t\t\t\t}\n\t\t\t\t\t#ultib3-295337936169e48f409aac3 .ultb3-btn:focus {\n\t\t\t\t\t\toutline: 2px solid #005fcc;\n\t\t\t\t\t\toutline-offset: 2px;\n\t\t\t\t\t}\n\t\t\t\t<\/style><\/div><\/div><\/div><\/div><!-- Row Backgrounds --><div class=\"upb_color\" data-bg-override=\"full\" data-bg-color=\"#000000\" data-fadeout=\"\" data-fadeout-percentage=\"30\" data-parallax-content=\"\" data-parallax-content-sense=\"30\" data-row-effect-mobile-disable=\"true\" data-img-parallax-mobile-disable=\"true\" data-rtl=\"false\"  data-custom-vc-row=\"\"  data-vc=\"8.7.2\"  data-is_old_vc=\"\"  data-theme-support=\"\"   data-overlay=\"false\" data-overlay-color=\"\" data-overlay-pattern=\"\" data-overlay-pattern-opacity=\"\" data-overlay-pattern-size=\"\"    ><\/div>\n<\/div>","protected":false},"excerpt":{"rendered":"<p>Finanzierung Ihres Traumfahrzeugs \u2013 Einfach, Schnell und Transparent Es gibt viele gute Gr\u00fcnde, ein neues Fahrzeug zu finanzieren: von einer klar kalkulierbaren monatlichen Belastung bis hin zur Erweiterung Ihres finanziellen Spielraums. Bei JR Automobile machen wir den Prozess so unkompliziert wie m\u00f6glich \u2013 direkt vor Ort, ohne umst\u00e4ndliche Telefonate oder zus\u00e4tzlichen B\u00fcrokratieaufwand f\u00fcr Sie. Mit&hellip;<\/p>","protected":false},"author":1,"featured_media":188,"parent":0,"menu_order":0,"comment_status":"closed","ping_status":"closed","template":"","meta":{"footnotes":""},"class_list":["post-185","page","type-page","status-publish","has-post-thumbnail","hentry","description-off"],"yoast_head":"<!-- This site is optimized with the Yoast SEO plugin v27.2 - https:\/\/yoast.com\/product\/yoast-seo-wordpress\/ -->\n<title>Fahrzeugfinanzierung | JR Automobile<\/title>\n<meta name=\"description\" content=\"Fahrzeugfinanzierung \u2022 Finanzierung Ihres Traumfahrzeugs \u2013Einfach, Schnell und Transparent \u2022 Kreditpartner Bank 11 \u2022 Jetzt anfragen!\" \/>\n<meta name=\"robots\" content=\"index, follow, max-snippet:-1, max-image-preview:large, max-video-preview:-1\" \/>\n<link rel=\"canonical\" href=\"https:\/\/www.jr-automobile.de\/en\/fahrzeugfinanzierung\/\" \/>\n<meta property=\"og:locale\" content=\"en_GB\" \/>\n<meta property=\"og:type\" content=\"article\" \/>\n<meta property=\"og:title\" content=\"Fahrzeugfinanzierung | JR Automobile\" \/>\n<meta property=\"og:description\" content=\"Fahrzeugfinanzierung \u2022 Finanzierung Ihres Traumfahrzeugs \u2013Einfach, Schnell und Transparent \u2022 Kreditpartner Bank 11 \u2022 Jetzt anfragen!\" \/>\n<meta property=\"og:url\" content=\"https:\/\/www.jr-automobile.de\/en\/fahrzeugfinanzierung\/\" \/>\n<meta property=\"og:site_name\" content=\"JR Automobile\" \/>\n<meta property=\"article:modified_time\" content=\"2024-12-15T16:55:59+00:00\" \/>\n<meta property=\"og:image\" content=\"https:\/\/www.jr-automobile.de\/wp-content\/uploads\/2024\/12\/Fahrzeugfinanzierung.jpg\" \/>\n\t<meta property=\"og:image:width\" content=\"800\" \/>\n\t<meta property=\"og:image:height\" content=\"600\" \/>\n\t<meta property=\"og:image:type\" content=\"image\/jpeg\" \/>\n<meta name=\"twitter:card\" content=\"summary_large_image\" \/>\n<meta name=\"twitter:label1\" content=\"Estimated reading time\" \/>\n\t<meta name=\"twitter:data1\" content=\"3 minutes\" \/>\n<script type=\"application\/ld+json\" class=\"yoast-schema-graph\">{\"@context\":\"https:\/\/schema.org\",\"@graph\":[{\"@type\":\"WebPage\",\"@id\":\"https:\/\/www.jr-automobile.de\/fahrzeugfinanzierung\/\",\"url\":\"https:\/\/www.jr-automobile.de\/fahrzeugfinanzierung\/\",\"name\":\"Fahrzeugfinanzierung | JR Automobile\",\"isPartOf\":{\"@id\":\"https:\/\/www.jr-automobile.de\/#website\"},\"primaryImageOfPage\":{\"@id\":\"https:\/\/www.jr-automobile.de\/fahrzeugfinanzierung\/#primaryimage\"},\"image\":{\"@id\":\"https:\/\/www.jr-automobile.de\/fahrzeugfinanzierung\/#primaryimage\"},\"thumbnailUrl\":\"https:\/\/www.jr-automobile.de\/wp-content\/uploads\/2024\/12\/Fahrzeugfinanzierung.jpg\",\"datePublished\":\"2024-12-08T14:01:27+00:00\",\"dateModified\":\"2024-12-15T16:55:59+00:00\",\"description\":\"Fahrzeugfinanzierung \u2022 Finanzierung Ihres Traumfahrzeugs \u2013Einfach, Schnell und Transparent \u2022 Kreditpartner Bank 11 \u2022 Jetzt anfragen!\",\"breadcrumb\":{\"@id\":\"https:\/\/www.jr-automobile.de\/fahrzeugfinanzierung\/#breadcrumb\"},\"inLanguage\":\"en-GB\",\"potentialAction\":[{\"@type\":\"ReadAction\",\"target\":[\"https:\/\/www.jr-automobile.de\/fahrzeugfinanzierung\/\"]}]},{\"@type\":\"ImageObject\",\"inLanguage\":\"en-GB\",\"@id\":\"https:\/\/www.jr-automobile.de\/fahrzeugfinanzierung\/#primaryimage\",\"url\":\"https:\/\/www.jr-automobile.de\/wp-content\/uploads\/2024\/12\/Fahrzeugfinanzierung.jpg\",\"contentUrl\":\"https:\/\/www.jr-automobile.de\/wp-content\/uploads\/2024\/12\/Fahrzeugfinanzierung.jpg\",\"width\":800,\"height\":600,\"caption\":\"Fahrzeugfinanzierung\"},{\"@type\":\"BreadcrumbList\",\"@id\":\"https:\/\/www.jr-automobile.de\/fahrzeugfinanzierung\/#breadcrumb\",\"itemListElement\":[{\"@type\":\"ListItem\",\"position\":1,\"name\":\"Startseite\",\"item\":\"https:\/\/www.jr-automobile.de\/\"},{\"@type\":\"ListItem\",\"position\":2,\"name\":\"Fahrzeugfinanzierung\"}]},{\"@type\":\"WebSite\",\"@id\":\"https:\/\/www.jr-automobile.de\/#website\",\"url\":\"https:\/\/www.jr-automobile.de\/\",\"name\":\"JR Automobile\",\"description\":\"\",\"publisher\":{\"@id\":\"https:\/\/www.jr-automobile.de\/#organization\"},\"potentialAction\":[{\"@type\":\"SearchAction\",\"target\":{\"@type\":\"EntryPoint\",\"urlTemplate\":\"https:\/\/www.jr-automobile.de\/?s={search_term_string}\"},\"query-input\":{\"@type\":\"PropertyValueSpecification\",\"valueRequired\":true,\"valueName\":\"search_term_string\"}}],\"inLanguage\":\"en-GB\"},{\"@type\":\"Organization\",\"@id\":\"https:\/\/www.jr-automobile.de\/#organization\",\"name\":\"JR Automobile\",\"url\":\"https:\/\/www.jr-automobile.de\/\",\"logo\":{\"@type\":\"ImageObject\",\"inLanguage\":\"en-GB\",\"@id\":\"https:\/\/www.jr-automobile.de\/#\/schema\/logo\/image\/\",\"url\":\"https:\/\/www.jr-automobile.de\/wp-content\/uploads\/2024\/12\/JR-Automobile-Kuerten-Logo.jpg\",\"contentUrl\":\"https:\/\/www.jr-automobile.de\/wp-content\/uploads\/2024\/12\/JR-Automobile-Kuerten-Logo.jpg\",\"width\":200,\"height\":200,\"caption\":\"JR Automobile\"},\"image\":{\"@id\":\"https:\/\/www.jr-automobile.de\/#\/schema\/logo\/image\/\"}}]}<\/script>\n<!-- \/ Yoast SEO plugin. -->","yoast_head_json":{"title":"Fahrzeugfinanzierung | JR Automobile","description":"Fahrzeugfinanzierung \u2022 Finanzierung Ihres Traumfahrzeugs \u2013Einfach, Schnell und Transparent \u2022 Kreditpartner Bank 11 \u2022 Jetzt anfragen!","robots":{"index":"index","follow":"follow","max-snippet":"max-snippet:-1","max-image-preview":"max-image-preview:large","max-video-preview":"max-video-preview:-1"},"canonical":"https:\/\/www.jr-automobile.de\/en\/fahrzeugfinanzierung\/","og_locale":"en_GB","og_type":"article","og_title":"Fahrzeugfinanzierung | JR Automobile","og_description":"Fahrzeugfinanzierung \u2022 Finanzierung Ihres Traumfahrzeugs \u2013Einfach, Schnell und Transparent \u2022 Kreditpartner Bank 11 \u2022 Jetzt anfragen!","og_url":"https:\/\/www.jr-automobile.de\/en\/fahrzeugfinanzierung\/","og_site_name":"JR Automobile","article_modified_time":"2024-12-15T16:55:59+00:00","og_image":[{"width":800,"height":600,"url":"https:\/\/www.jr-automobile.de\/wp-content\/uploads\/2024\/12\/Fahrzeugfinanzierung.jpg","type":"image\/jpeg"}],"twitter_card":"summary_large_image","twitter_misc":{"Estimated reading time":"3 minutes"},"schema":{"@context":"https:\/\/schema.org","@graph":[{"@type":"WebPage","@id":"https:\/\/www.jr-automobile.de\/fahrzeugfinanzierung\/","url":"https:\/\/www.jr-automobile.de\/fahrzeugfinanzierung\/","name":"Fahrzeugfinanzierung | JR Automobile","isPartOf":{"@id":"https:\/\/www.jr-automobile.de\/#website"},"primaryImageOfPage":{"@id":"https:\/\/www.jr-automobile.de\/fahrzeugfinanzierung\/#primaryimage"},"image":{"@id":"https:\/\/www.jr-automobile.de\/fahrzeugfinanzierung\/#primaryimage"},"thumbnailUrl":"https:\/\/www.jr-automobile.de\/wp-content\/uploads\/2024\/12\/Fahrzeugfinanzierung.jpg","datePublished":"2024-12-08T14:01:27+00:00","dateModified":"2024-12-15T16:55:59+00:00","description":"Fahrzeugfinanzierung \u2022 Finanzierung Ihres Traumfahrzeugs \u2013Einfach, Schnell und Transparent \u2022 Kreditpartner Bank 11 \u2022 Jetzt anfragen!","breadcrumb":{"@id":"https:\/\/www.jr-automobile.de\/fahrzeugfinanzierung\/#breadcrumb"},"inLanguage":"en-GB","potentialAction":[{"@type":"ReadAction","target":["https:\/\/www.jr-automobile.de\/fahrzeugfinanzierung\/"]}]},{"@type":"ImageObject","inLanguage":"en-GB","@id":"https:\/\/www.jr-automobile.de\/fahrzeugfinanzierung\/#primaryimage","url":"https:\/\/www.jr-automobile.de\/wp-content\/uploads\/2024\/12\/Fahrzeugfinanzierung.jpg","contentUrl":"https:\/\/www.jr-automobile.de\/wp-content\/uploads\/2024\/12\/Fahrzeugfinanzierung.jpg","width":800,"height":600,"caption":"Fahrzeugfinanzierung"},{"@type":"BreadcrumbList","@id":"https:\/\/www.jr-automobile.de\/fahrzeugfinanzierung\/#breadcrumb","itemListElement":[{"@type":"ListItem","position":1,"name":"Startseite","item":"https:\/\/www.jr-automobile.de\/"},{"@type":"ListItem","position":2,"name":"Fahrzeugfinanzierung"}]},{"@type":"WebSite","@id":"https:\/\/www.jr-automobile.de\/#website","url":"https:\/\/www.jr-automobile.de\/","name":"JR Automobile","description":"","publisher":{"@id":"https:\/\/www.jr-automobile.de\/#organization"},"potentialAction":[{"@type":"SearchAction","target":{"@type":"EntryPoint","urlTemplate":"https:\/\/www.jr-automobile.de\/?s={search_term_string}"},"query-input":{"@type":"PropertyValueSpecification","valueRequired":true,"valueName":"search_term_string"}}],"inLanguage":"en-GB"},{"@type":"Organization","@id":"https:\/\/www.jr-automobile.de\/#organization","name":"JR Automobile","url":"https:\/\/www.jr-automobile.de\/","logo":{"@type":"ImageObject","inLanguage":"en-GB","@id":"https:\/\/www.jr-automobile.de\/#\/schema\/logo\/image\/","url":"https:\/\/www.jr-automobile.de\/wp-content\/uploads\/2024\/12\/JR-Automobile-Kuerten-Logo.jpg","contentUrl":"https:\/\/www.jr-automobile.de\/wp-content\/uploads\/2024\/12\/JR-Automobile-Kuerten-Logo.jpg","width":200,"height":200,"caption":"JR Automobile"},"image":{"@id":"https:\/\/www.jr-automobile.de\/#\/schema\/logo\/image\/"}}]}},"_links":{"self":[{"href":"https:\/\/www.jr-automobile.de\/en\/wp-json\/wp\/v2\/pages\/185","targetHints":{"allow":["GET"]}}],"collection":[{"href":"https:\/\/www.jr-automobile.de\/en\/wp-json\/wp\/v2\/pages"}],"about":[{"href":"https:\/\/www.jr-automobile.de\/en\/wp-json\/wp\/v2\/types\/page"}],"author":[{"embeddable":true,"href":"https:\/\/www.jr-automobile.de\/en\/wp-json\/wp\/v2\/users\/1"}],"replies":[{"embeddable":true,"href":"https:\/\/www.jr-automobile.de\/en\/wp-json\/wp\/v2\/comments?post=185"}],"version-history":[{"count":10,"href":"https:\/\/www.jr-automobile.de\/en\/wp-json\/wp\/v2\/pages\/185\/revisions"}],"predecessor-version":[{"id":407,"href":"https:\/\/www.jr-automobile.de\/en\/wp-json\/wp\/v2\/pages\/185\/revisions\/407"}],"wp:featuredmedia":[{"embeddable":true,"href":"https:\/\/www.jr-automobile.de\/en\/wp-json\/wp\/v2\/media\/188"}],"wp:attachment":[{"href":"https:\/\/www.jr-automobile.de\/en\/wp-json\/wp\/v2\/media?parent=185"}],"curies":[{"name":"wp","href":"https:\/\/api.w.org\/{rel}","templated":true}]}}